{"id":91,"date":"2024-03-29T19:41:22","date_gmt":"2024-03-29T18:41:22","guid":{"rendered":"https:\/\/thierrysigg.fr\/?page_id=91"},"modified":"2024-04-05T17:14:40","modified_gmt":"2024-04-05T15:14:40","slug":"biographie","status":"publish","type":"page","link":"https:\/\/thierrysigg.fr\/?page_id=91","title":{"rendered":"Biographie"},"content":{"rendered":"\n<div class=\"wp-block-columns is-layout-flex wp-container-core-columns-is-layout-ed5226f6 wp-block-columns-is-layout-flex\" style=\"padding-right:0;padding-left:0\">\n<div class=\"wp-block-column is-layout-flow wp-block-column-is-layout-flow\" style=\"flex-basis:40%\">\n<figure class=\"wp-block-image size-full\"><img loading=\"lazy\" decoding=\"async\" width=\"1125\" height=\"1884\" src=\"https:\/\/thierrysigg.fr\/wp-content\/uploads\/2024\/04\/Capture-decran-.-2022-04-04-a-11.00.08.jpeg\" alt=\"\" class=\"wp-image-303\" title=\"Autoportrait de l'artiste\" srcset=\"https:\/\/thierrysigg.fr\/wp-content\/uploads\/2024\/04\/Capture-decran-.-2022-04-04-a-11.00.08.jpeg 1125w, https:\/\/thierrysigg.fr\/wp-content\/uploads\/2024\/04\/Capture-decran-.-2022-04-04-a-11.00.08-179x300.jpeg 179w, https:\/\/thierrysigg.fr\/wp-content\/uploads\/2024\/04\/Capture-decran-.-2022-04-04-a-11.00.08-611x1024.jpeg 611w, https:\/\/thierrysigg.fr\/wp-content\/uploads\/2024\/04\/Capture-decran-.-2022-04-04-a-11.00.08-768x1286.jpeg 768w, https:\/\/thierrysigg.fr\/wp-content\/uploads\/2024\/04\/Capture-decran-.-2022-04-04-a-11.00.08-917x1536.jpeg 917w\" sizes=\"auto, (max-width: 1125px) 100vw, 1125px\" \/><\/figure>\n<\/div>\n\n\n\n<div class=\"wp-block-column is-layout-flow wp-block-column-is-layout-flow\" style=\"flex-basis:60%\">\n<p style=\"text-align: justify; padding-right: 0; padding-left: 0; font-size: 16px;\">Thierry Sigg est n\u00e9 le 18 mars 1940 \u00e0 Paris.<br \/>Il se consacre tr\u00e8s jeune \u00e0 la peinture.<br \/>Fuyant l\u2019enseignement traditionnel, il trouve ses influences dans les mus\u00e9es o\u00f9 il dessine \u00ab d\u2019apr\u00e8s \u00bb assid\u00fbment, avant de d\u00e9velopper une voie qui lui est propre.<br \/>En 1965, il profite d\u2019espaces inutilis\u00e9s dans l\u2019entreprise familiale de cartonnage pour cr\u00e9er avec d\u2019autres artistes un atelier collectif \u00e0 Pantin. Les \u00e9changes avec d\u2019autres cr\u00e9ateurs, l\u2019\u00e9tude des artistes pass\u00e9s et pr\u00e9sents ainsi que des participations \u00e0 des expositions et des salons seront sa seule formation.<br \/>En 1970, il \u00e9pouse Irmgard, sculptrice, qui l\u2019incite \u00e0 des \u00e9chapp\u00e9es vers la sculpture.<br \/>En 1978, il prend un poste de conseiller culturel aux arts plastiques (Ivry-sur-Seine) qui lui donne les moyens de soutenir les artistes et leur ind\u00e9pendance. Il assurera cette fonction jusqu\u2019en 2005, parall\u00e8lement \u00e0 sa recherche de plasticien.<br \/>En 1987, il rejoint une galerie am\u00e9ricaine de la rive gauche (Darthea Speyer) o\u00f9 expose d\u00e9j\u00e0 Irmgard. Il y montrera r\u00e9guli\u00e8rement ses \u0153uvres jusqu\u2019en 2007.<\/p>\n<\/div>\n<\/div>\n\n\n\n<p><\/p>\n","protected":false},"excerpt":{"rendered":"<p>Thierry Sigg est n\u00e9 le 18 mars 1940 \u00e0 Paris.Il se consacre tr\u00e8s jeune \u00e0 la peinture.Fuyant l\u2019enseignement traditionnel, il trouve ses influences dans les mus\u00e9es o\u00f9 il dessine \u00ab d\u2019apr\u00e8s \u00bb assid\u00fbment, avant de d\u00e9velopper une voie qui lui est propre.En 1965, il profite d\u2019espaces inutilis\u00e9s dans l\u2019entreprise familiale de cartonnage pour cr\u00e9er avec&hellip; <a class=\"more-link\" href=\"https:\/\/thierrysigg.fr\/?page_id=91\">Poursuivre la lecture <span class=\"screen-reader-text\">Biographie<\/span><\/a><\/p>\n","protected":false},"author":2,"featured_media":0,"parent":0,"menu_order":0,"comment_status":"closed","ping_status":"closed","template":"","meta":{"footnotes":""},"class_list":["post-91","page","type-page","status-publish","hentry","entry"],"yoast_head":"<!-- This site is optimized with the Yoast SEO plugin v24.3 - https:\/\/yoast.com\/wordpress\/plugins\/seo\/ -->\n<title>Biographie - Thierry Sigg<\/title>\n<meta name=\"robots\" content=\"index, follow, max-snippet:-1, max-image-preview:large, max-video-preview:-1\" \/>\n<link rel=\"canonical\" href=\"https:\/\/thierrysigg.fr\/?page_id=91\" \/>\n<meta property=\"og:locale\" content=\"fr_FR\" \/>\n<meta property=\"og:type\" content=\"article\" \/>\n<meta property=\"og:title\" content=\"Biographie - Thierry Sigg\" \/>\n<meta property=\"og:description\" content=\"Thierry Sigg est n\u00e9 le 18 mars 1940 \u00e0 Paris.Il se consacre tr\u00e8s jeune \u00e0 la peinture.Fuyant l\u2019enseignement traditionnel, il trouve ses influences dans les mus\u00e9es o\u00f9 il dessine \u00ab d\u2019apr\u00e8s \u00bb assid\u00fbment, avant de d\u00e9velopper une voie qui lui est propre.En 1965, il profite d\u2019espaces inutilis\u00e9s dans l\u2019entreprise familiale de cartonnage pour cr\u00e9er avec&hellip; Poursuivre la lecture Biographie\" \/>\n<meta property=\"og:url\" content=\"https:\/\/thierrysigg.fr\/?page_id=91\" \/>\n<meta property=\"og:site_name\" content=\"Thierry Sigg\" \/>\n<meta property=\"article:modified_time\" content=\"2024-04-05T15:14:40+00:00\" \/>\n<meta property=\"og:image\" content=\"https:\/\/thierrysigg.fr\/wp-content\/uploads\/2024\/04\/Capture-decran-.-2022-04-04-a-11.00.08.jpeg\" \/>\n<meta name=\"twitter:card\" content=\"summary_large_image\" \/>\n<meta name=\"twitter:label1\" content=\"Dur\u00e9e de lecture estim\u00e9e\" \/>\n\t<meta name=\"twitter:data1\" content=\"2 minutes\" \/>\n<script type=\"application\/ld+json\" class=\"yoast-schema-graph\">{\"@context\":\"https:\/\/schema.org\",\"@graph\":[{\"@type\":\"WebPage\",\"@id\":\"https:\/\/thierrysigg.fr\/?page_id=91\",\"url\":\"https:\/\/thierrysigg.fr\/?page_id=91\",\"name\":\"Biographie - Thierry Sigg\",\"isPartOf\":{\"@id\":\"https:\/\/thierrysigg.fr\/#website\"},\"primaryImageOfPage\":{\"@id\":\"https:\/\/thierrysigg.fr\/?page_id=91#primaryimage\"},\"image\":{\"@id\":\"https:\/\/thierrysigg.fr\/?page_id=91#primaryimage\"},\"thumbnailUrl\":\"https:\/\/thierrysigg.fr\/wp-content\/uploads\/2024\/04\/Capture-decran-.-2022-04-04-a-11.00.08.jpeg\",\"datePublished\":\"2024-03-29T18:41:22+00:00\",\"dateModified\":\"2024-04-05T15:14:40+00:00\",\"breadcrumb\":{\"@id\":\"https:\/\/thierrysigg.fr\/?page_id=91#breadcrumb\"},\"inLanguage\":\"fr-FR\",\"potentialAction\":[{\"@type\":\"ReadAction\",\"target\":[\"https:\/\/thierrysigg.fr\/?page_id=91\"]}]},{\"@type\":\"ImageObject\",\"inLanguage\":\"fr-FR\",\"@id\":\"https:\/\/thierrysigg.fr\/?page_id=91#primaryimage\",\"url\":\"https:\/\/thierrysigg.fr\/wp-content\/uploads\/2024\/04\/Capture-decran-.-2022-04-04-a-11.00.08.jpeg\",\"contentUrl\":\"https:\/\/thierrysigg.fr\/wp-content\/uploads\/2024\/04\/Capture-decran-.-2022-04-04-a-11.00.08.jpeg\",\"width\":1125,\"height\":1884},{\"@type\":\"BreadcrumbList\",\"@id\":\"https:\/\/thierrysigg.fr\/?page_id=91#breadcrumb\",\"itemListElement\":[{\"@type\":\"ListItem\",\"position\":1,\"name\":\"Accueil\",\"item\":\"https:\/\/thierrysigg.fr\/\"},{\"@type\":\"ListItem\",\"position\":2,\"name\":\"Biographie\"}]},{\"@type\":\"WebSite\",\"@id\":\"https:\/\/thierrysigg.fr\/#website\",\"url\":\"https:\/\/thierrysigg.fr\/\",\"name\":\"Thierry Sigg\",\"description\":\"\",\"potentialAction\":[{\"@type\":\"SearchAction\",\"target\":{\"@type\":\"EntryPoint\",\"urlTemplate\":\"https:\/\/thierrysigg.fr\/?s={search_term_string}\"},\"query-input\":{\"@type\":\"PropertyValueSpecification\",\"valueRequired\":true,\"valueName\":\"search_term_string\"}}],\"inLanguage\":\"fr-FR\"}]}<\/script>\n<!-- \/ Yoast SEO plugin. -->","yoast_head_json":{"title":"Biographie - Thierry Sigg","robots":{"index":"index","follow":"follow","max-snippet":"max-snippet:-1","max-image-preview":"max-image-preview:large","max-video-preview":"max-video-preview:-1"},"canonical":"https:\/\/thierrysigg.fr\/?page_id=91","og_locale":"fr_FR","og_type":"article","og_title":"Biographie - Thierry Sigg","og_description":"Thierry Sigg est n\u00e9 le 18 mars 1940 \u00e0 Paris.Il se consacre tr\u00e8s jeune \u00e0 la peinture.Fuyant l\u2019enseignement traditionnel, il trouve ses influences dans les mus\u00e9es o\u00f9 il dessine \u00ab d\u2019apr\u00e8s \u00bb assid\u00fbment, avant de d\u00e9velopper une voie qui lui est propre.En 1965, il profite d\u2019espaces inutilis\u00e9s dans l\u2019entreprise familiale de cartonnage pour cr\u00e9er avec&hellip; Poursuivre la lecture Biographie","og_url":"https:\/\/thierrysigg.fr\/?page_id=91","og_site_name":"Thierry Sigg","article_modified_time":"2024-04-05T15:14:40+00:00","og_image":[{"url":"https:\/\/thierrysigg.fr\/wp-content\/uploads\/2024\/04\/Capture-decran-.-2022-04-04-a-11.00.08.jpeg","type":"","width":"","height":""}],"twitter_card":"summary_large_image","twitter_misc":{"Dur\u00e9e de lecture estim\u00e9e":"2 minutes"},"schema":{"@context":"https:\/\/schema.org","@graph":[{"@type":"WebPage","@id":"https:\/\/thierrysigg.fr\/?page_id=91","url":"https:\/\/thierrysigg.fr\/?page_id=91","name":"Biographie - Thierry Sigg","isPartOf":{"@id":"https:\/\/thierrysigg.fr\/#website"},"primaryImageOfPage":{"@id":"https:\/\/thierrysigg.fr\/?page_id=91#primaryimage"},"image":{"@id":"https:\/\/thierrysigg.fr\/?page_id=91#primaryimage"},"thumbnailUrl":"https:\/\/thierrysigg.fr\/wp-content\/uploads\/2024\/04\/Capture-decran-.-2022-04-04-a-11.00.08.jpeg","datePublished":"2024-03-29T18:41:22+00:00","dateModified":"2024-04-05T15:14:40+00:00","breadcrumb":{"@id":"https:\/\/thierrysigg.fr\/?page_id=91#breadcrumb"},"inLanguage":"fr-FR","potentialAction":[{"@type":"ReadAction","target":["https:\/\/thierrysigg.fr\/?page_id=91"]}]},{"@type":"ImageObject","inLanguage":"fr-FR","@id":"https:\/\/thierrysigg.fr\/?page_id=91#primaryimage","url":"https:\/\/thierrysigg.fr\/wp-content\/uploads\/2024\/04\/Capture-decran-.-2022-04-04-a-11.00.08.jpeg","contentUrl":"https:\/\/thierrysigg.fr\/wp-content\/uploads\/2024\/04\/Capture-decran-.-2022-04-04-a-11.00.08.jpeg","width":1125,"height":1884},{"@type":"BreadcrumbList","@id":"https:\/\/thierrysigg.fr\/?page_id=91#breadcrumb","itemListElement":[{"@type":"ListItem","position":1,"name":"Accueil","item":"https:\/\/thierrysigg.fr\/"},{"@type":"ListItem","position":2,"name":"Biographie"}]},{"@type":"WebSite","@id":"https:\/\/thierrysigg.fr\/#website","url":"https:\/\/thierrysigg.fr\/","name":"Thierry Sigg","description":"","potentialAction":[{"@type":"SearchAction","target":{"@type":"EntryPoint","urlTemplate":"https:\/\/thierrysigg.fr\/?s={search_term_string}"},"query-input":{"@type":"PropertyValueSpecification","valueRequired":true,"valueName":"search_term_string"}}],"inLanguage":"fr-FR"}]}},"_links":{"self":[{"href":"https:\/\/thierrysigg.fr\/index.php?rest_route=\/wp\/v2\/pages\/91","targetHints":{"allow":["GET"]}}],"collection":[{"href":"https:\/\/thierrysigg.fr\/index.php?rest_route=\/wp\/v2\/pages"}],"about":[{"href":"https:\/\/thierrysigg.fr\/index.php?rest_route=\/wp\/v2\/types\/page"}],"author":[{"embeddable":true,"href":"https:\/\/thierrysigg.fr\/index.php?rest_route=\/wp\/v2\/users\/2"}],"replies":[{"embeddable":true,"href":"https:\/\/thierrysigg.fr\/index.php?rest_route=%2Fwp%2Fv2%2Fcomments&post=91"}],"version-history":[{"count":27,"href":"https:\/\/thierrysigg.fr\/index.php?rest_route=\/wp\/v2\/pages\/91\/revisions"}],"predecessor-version":[{"id":420,"href":"https:\/\/thierrysigg.fr\/index.php?rest_route=\/wp\/v2\/pages\/91\/revisions\/420"}],"wp:attachment":[{"href":"https:\/\/thierrysigg.fr\/index.php?rest_route=%2Fwp%2Fv2%2Fmedia&parent=91"}],"curies":[{"name":"wp","href":"https:\/\/api.w.org\/{rel}","templated":true}]}}