{"id":288,"date":"2024-04-05T10:30:59","date_gmt":"2024-04-05T08:30:59","guid":{"rendered":"https:\/\/thierrysigg.fr\/?page_id=288"},"modified":"2024-07-21T22:40:58","modified_gmt":"2024-07-21T20:40:58","slug":"peinture-relief-1985-1989","status":"publish","type":"page","link":"https:\/\/thierrysigg.fr\/?page_id=288","title":{"rendered":"1978-1989"},"content":{"rendered":"\n<p><\/p>\n\n\n\n<p><\/p>\n\n\n\n<p><\/p>\n\n\n\n<div class=\"alignnormal\"><div id=\"metaslider-id-376\" style=\"width: 100%; margin: 0 auto;\" class=\"ml-slider-3-99-0 metaslider metaslider-flex metaslider-376 ml-slider ms-theme-architekt has-dots-nav\" role=\"region\" aria-label=\"1978-89\" data-width=\"1000\">\n    <div id=\"metaslider_container_376\">\n        <div id=\"metaslider_376\">\n            <ul class='slides'>\n                <li style=\"display: block; width: 100%;\" class=\"slide-377 ms-image \" aria-roledescription=\"slide\" data-date=\"2024-04-06 10:42:10\"><img loading=\"lazy\" decoding=\"async\" width=\"900\" height=\"600\" src=\"https:\/\/thierrysigg.fr\/wp-content\/uploads\/2024\/04\/01_bio.jpg\" class=\"slider-376 slide-377 msDefaultImage\" alt=\"\" rel=\"\" title=\"01_bio\" style=\"width:100%;height:66.67%;max-width:900px;margin-top: 16.666666666667%\" srcset=\"https:\/\/thierrysigg.fr\/wp-content\/uploads\/2024\/04\/01_bio.jpg 900w, https:\/\/thierrysigg.fr\/wp-content\/uploads\/2024\/04\/01_bio-300x200.jpg 300w, https:\/\/thierrysigg.fr\/wp-content\/uploads\/2024\/04\/01_bio-768x512.jpg 768w\" sizes=\"auto, (max-width: 900px) 100vw, 900px\" \/><div class=\"caption-wrap\"><div class=\"caption\"><div>Strandgut des Krieges<\/div>\n<div>165x231 - 1978<\/div>\n<div>(paille, sable, tissu, sur bois)<\/div><\/div><\/div><\/li>\n                <li style=\"display: none; width: 100%;\" class=\"slide-378 ms-image \" aria-roledescription=\"slide\" data-date=\"2024-04-06 10:42:10\"><img loading=\"lazy\" decoding=\"async\" width=\"2502\" height=\"2560\" src=\"https:\/\/thierrysigg.fr\/wp-content\/uploads\/2024\/04\/IMG_6301-scaled.jpg\" class=\"slider-376 slide-378 msDefaultImage\" alt=\"\" rel=\"\" title=\"IMG_6301\" style=\"width:100%;height:102.32%;max-width:2502px;margin: 0 auto; width: 97.734375%\" srcset=\"https:\/\/thierrysigg.fr\/wp-content\/uploads\/2024\/04\/IMG_6301-scaled.jpg 2502w, https:\/\/thierrysigg.fr\/wp-content\/uploads\/2024\/04\/IMG_6301-293x300.jpg 293w, https:\/\/thierrysigg.fr\/wp-content\/uploads\/2024\/04\/IMG_6301-1001x1024.jpg 1001w, https:\/\/thierrysigg.fr\/wp-content\/uploads\/2024\/04\/IMG_6301-768x786.jpg 768w, https:\/\/thierrysigg.fr\/wp-content\/uploads\/2024\/04\/IMG_6301-1501x1536.jpg 1501w, https:\/\/thierrysigg.fr\/wp-content\/uploads\/2024\/04\/IMG_6301-2002x2048.jpg 2002w, https:\/\/thierrysigg.fr\/wp-content\/uploads\/2024\/04\/IMG_6301-1568x1604.jpg 1568w\" sizes=\"auto, (max-width: 2502px) 100vw, 2502px\" \/><div class=\"caption-wrap\"><div class=\"caption\"><div>Ruine<\/div>\n<div>120x120 - 1980<\/div>\n<div>(polystir\u00e8ne, sable, enduit, sur bois)<\/div><\/div><\/div><\/li>\n                <li style=\"display: none; width: 100%;\" class=\"slide-379 ms-image \" aria-roledescription=\"slide\" data-date=\"2024-04-06 10:42:10\"><img loading=\"lazy\" decoding=\"async\" width=\"2490\" height=\"2560\" src=\"https:\/\/thierrysigg.fr\/wp-content\/uploads\/2024\/04\/IMG_6304-scaled.jpg\" class=\"slider-376 slide-379 msDefaultImage\" alt=\"\" rel=\"\" title=\"IMG_6304\" style=\"width:100%;height:102.81%;max-width:2490px;margin: 0 auto; width: 97.265625%\" srcset=\"https:\/\/thierrysigg.fr\/wp-content\/uploads\/2024\/04\/IMG_6304-scaled.jpg 2490w, https:\/\/thierrysigg.fr\/wp-content\/uploads\/2024\/04\/IMG_6304-292x300.jpg 292w, https:\/\/thierrysigg.fr\/wp-content\/uploads\/2024\/04\/IMG_6304-996x1024.jpg 996w, https:\/\/thierrysigg.fr\/wp-content\/uploads\/2024\/04\/IMG_6304-768x790.jpg 768w, https:\/\/thierrysigg.fr\/wp-content\/uploads\/2024\/04\/IMG_6304-1494x1536.jpg 1494w, https:\/\/thierrysigg.fr\/wp-content\/uploads\/2024\/04\/IMG_6304-1992x2048.jpg 1992w, https:\/\/thierrysigg.fr\/wp-content\/uploads\/2024\/04\/IMG_6304-1568x1612.jpg 1568w\" sizes=\"auto, (max-width: 2490px) 100vw, 2490px\" \/><div class=\"caption-wrap\"><div class=\"caption\"><div>Elan bris\u00e9<\/div>\n<div>120x120 - 1980<\/div>\n<div>(tissu, acrylique, sur bois)<\/div><\/div><\/div><\/li>\n                <li style=\"display: none; width: 100%;\" class=\"slide-386 ms-image \" aria-roledescription=\"slide\" data-date=\"2024-04-06 11:14:52\"><img loading=\"lazy\" decoding=\"async\" width=\"2560\" height=\"2452\" src=\"https:\/\/thierrysigg.fr\/wp-content\/uploads\/2024\/04\/SIGG_T_DiffJaune-scaled.jpg\" class=\"slider-376 slide-386 msDefaultImage\" alt=\"\" rel=\"\" title=\"SIGG_T_DiffJaune\" style=\"width:100%;height:95.78%;max-width:2560px;margin-top: 2.109375%\" srcset=\"https:\/\/thierrysigg.fr\/wp-content\/uploads\/2024\/04\/SIGG_T_DiffJaune-scaled.jpg 2560w, https:\/\/thierrysigg.fr\/wp-content\/uploads\/2024\/04\/SIGG_T_DiffJaune-300x287.jpg 300w, https:\/\/thierrysigg.fr\/wp-content\/uploads\/2024\/04\/SIGG_T_DiffJaune-1024x981.jpg 1024w, https:\/\/thierrysigg.fr\/wp-content\/uploads\/2024\/04\/SIGG_T_DiffJaune-768x736.jpg 768w, https:\/\/thierrysigg.fr\/wp-content\/uploads\/2024\/04\/SIGG_T_DiffJaune-1536x1471.jpg 1536w, https:\/\/thierrysigg.fr\/wp-content\/uploads\/2024\/04\/SIGG_T_DiffJaune-2048x1962.jpg 2048w, https:\/\/thierrysigg.fr\/wp-content\/uploads\/2024\/04\/SIGG_T_DiffJaune-1568x1502.jpg 1568w\" sizes=\"auto, (max-width: 2560px) 100vw, 2560px\" \/><div class=\"caption-wrap\"><div class=\"caption\"><div>Diffusant rose<\/div>\n<div>80x60 - 1985<\/div>\n<div>(pl\u00e2tre et plaque de polyur\u00e9thane)<\/div><\/div><\/div><\/li>\n                <li style=\"display: none; width: 100%;\" class=\"slide-387 ms-image \" aria-roledescription=\"slide\" data-date=\"2024-04-06 11:14:52\"><img loading=\"lazy\" decoding=\"async\" width=\"2560\" height=\"1488\" src=\"https:\/\/thierrysigg.fr\/wp-content\/uploads\/2024\/04\/SIGG_T_DiffBleu-1-scaled.jpg\" class=\"slider-376 slide-387 msDefaultImage\" alt=\"\" rel=\"\" title=\"SIGG_T_DiffBleu\" style=\"width:100%;height:58.13%;max-width:2560px;margin-top: 20.9375%\" srcset=\"https:\/\/thierrysigg.fr\/wp-content\/uploads\/2024\/04\/SIGG_T_DiffBleu-1-scaled.jpg 2560w, https:\/\/thierrysigg.fr\/wp-content\/uploads\/2024\/04\/SIGG_T_DiffBleu-1-300x174.jpg 300w, https:\/\/thierrysigg.fr\/wp-content\/uploads\/2024\/04\/SIGG_T_DiffBleu-1-1024x595.jpg 1024w, https:\/\/thierrysigg.fr\/wp-content\/uploads\/2024\/04\/SIGG_T_DiffBleu-1-768x446.jpg 768w, https:\/\/thierrysigg.fr\/wp-content\/uploads\/2024\/04\/SIGG_T_DiffBleu-1-1536x893.jpg 1536w, https:\/\/thierrysigg.fr\/wp-content\/uploads\/2024\/04\/SIGG_T_DiffBleu-1-2048x1191.jpg 2048w, https:\/\/thierrysigg.fr\/wp-content\/uploads\/2024\/04\/SIGG_T_DiffBleu-1-1568x912.jpg 1568w\" sizes=\"auto, (max-width: 2560px) 100vw, 2560px\" \/><div class=\"caption-wrap\"><div class=\"caption\"><div>Diffusant bleu noir<\/div>\n<div>60x100 - 1985<\/div>\n<div>(pl\u00e2tre et plaque de polyur\u00e9thane)<\/div><\/div><\/div><\/li>\n                <li style=\"display: none; width: 100%;\" class=\"slide-388 ms-image \" aria-roledescription=\"slide\" data-date=\"2024-04-06 11:14:52\"><img loading=\"lazy\" decoding=\"async\" width=\"2560\" height=\"2556\" src=\"https:\/\/thierrysigg.fr\/wp-content\/uploads\/2024\/04\/SIGG_T_DiffVert-scaled.jpg\" class=\"slider-376 slide-388 msDefaultImage\" alt=\"\" rel=\"\" title=\"SIGG_T_DiffVert\" style=\"width:100%;height:99.84%;max-width:2560px;margin-top: 0.078125%\" srcset=\"https:\/\/thierrysigg.fr\/wp-content\/uploads\/2024\/04\/SIGG_T_DiffVert-scaled.jpg 2560w, https:\/\/thierrysigg.fr\/wp-content\/uploads\/2024\/04\/SIGG_T_DiffVert-300x300.jpg 300w, https:\/\/thierrysigg.fr\/wp-content\/uploads\/2024\/04\/SIGG_T_DiffVert-1024x1022.jpg 1024w, https:\/\/thierrysigg.fr\/wp-content\/uploads\/2024\/04\/SIGG_T_DiffVert-150x150.jpg 150w, https:\/\/thierrysigg.fr\/wp-content\/uploads\/2024\/04\/SIGG_T_DiffVert-768x767.jpg 768w, https:\/\/thierrysigg.fr\/wp-content\/uploads\/2024\/04\/SIGG_T_DiffVert-1536x1534.jpg 1536w, https:\/\/thierrysigg.fr\/wp-content\/uploads\/2024\/04\/SIGG_T_DiffVert-2048x2045.jpg 2048w, https:\/\/thierrysigg.fr\/wp-content\/uploads\/2024\/04\/SIGG_T_DiffVert-1568x1566.jpg 1568w\" sizes=\"auto, (max-width: 2560px) 100vw, 2560px\" \/><div class=\"caption-wrap\"><div class=\"caption\"><div>Diffusant vert<\/div>\n<div>100x80 - 1986<\/div>\n<div>(pl\u00e2tre et plaque de polyur\u00e9thane)<\/div><\/div><\/div><\/li>\n                <li style=\"display: none; width: 100%;\" class=\"slide-389 ms-image \" aria-roledescription=\"slide\" data-date=\"2024-04-06 11:14:52\"><img loading=\"lazy\" decoding=\"async\" width=\"455\" height=\"630\" src=\"https:\/\/thierrysigg.fr\/wp-content\/uploads\/2024\/04\/SIGG_T_Bronze1.jpeg\" class=\"slider-376 slide-389 msDefaultImage\" alt=\"\" rel=\"\" title=\"SIGG_T_Bronze1\" style=\"width:100%;height:138.46%;max-width:455px;margin: 0 auto; width: 72.222222222222%\" srcset=\"https:\/\/thierrysigg.fr\/wp-content\/uploads\/2024\/04\/SIGG_T_Bronze1.jpeg 455w, https:\/\/thierrysigg.fr\/wp-content\/uploads\/2024\/04\/SIGG_T_Bronze1-217x300.jpeg 217w\" sizes=\"auto, (max-width: 455px) 100vw, 455px\" \/><div class=\"caption-wrap\"><div class=\"caption\"><div>Signe-relief<\/div>\n<div>80x60x10 - 1986<\/div>\n<div>(bronze peint)<\/div><\/div><\/div><\/li>\n                <li style=\"display: none; width: 100%;\" class=\"slide-473 ms-image \" aria-roledescription=\"slide\" data-date=\"2024-04-11 12:38:48\"><img loading=\"lazy\" decoding=\"async\" width=\"1000\" height=\"883\" src=\"https:\/\/thierrysigg.fr\/wp-content\/uploads\/2024\/04\/SIGG_T_Bronze2.jpg\" class=\"slider-376 slide-473 msDefaultImage\" alt=\"\" rel=\"\" title=\"SIGG_T_Bronze2\" style=\"width:100%;height:88.3%;max-width:1000px;margin-top: 5.85%\" srcset=\"https:\/\/thierrysigg.fr\/wp-content\/uploads\/2024\/04\/SIGG_T_Bronze2.jpg 1000w, https:\/\/thierrysigg.fr\/wp-content\/uploads\/2024\/04\/SIGG_T_Bronze2-300x265.jpg 300w, https:\/\/thierrysigg.fr\/wp-content\/uploads\/2024\/04\/SIGG_T_Bronze2-768x678.jpg 768w\" sizes=\"auto, (max-width: 1000px) 100vw, 1000px\" \/><div class=\"caption-wrap\"><div class=\"caption\"><div>\n<div>Fontaine<\/div>\n<div>200x167x5 - 1988<\/div>\n<div>(bronze peint)<\/div>\n<\/div><\/div><\/div><\/li>\n                <li style=\"display: none; width: 100%;\" class=\"slide-391 ms-image \" aria-roledescription=\"slide\" data-date=\"2024-04-06 11:14:52\"><img loading=\"lazy\" decoding=\"async\" width=\"900\" height=\"529\" src=\"https:\/\/thierrysigg.fr\/wp-content\/uploads\/2024\/04\/SIGG_T_Fer.jpeg\" class=\"slider-376 slide-391 msDefaultImage\" alt=\"\" rel=\"\" title=\"SIGG_T_Fer\" style=\"width:100%;height:58.78%;max-width:900px;margin-top: 20.611111111111%\" srcset=\"https:\/\/thierrysigg.fr\/wp-content\/uploads\/2024\/04\/SIGG_T_Fer.jpeg 900w, https:\/\/thierrysigg.fr\/wp-content\/uploads\/2024\/04\/SIGG_T_Fer-300x176.jpeg 300w, https:\/\/thierrysigg.fr\/wp-content\/uploads\/2024\/04\/SIGG_T_Fer-768x451.jpeg 768w\" sizes=\"auto, (max-width: 900px) 100vw, 900px\" \/><div class=\"caption-wrap\"><div class=\"caption\"><div>Rameau<\/div>\n<div>170x68x41 - 1989<\/div>\n<div>(acier peint et plaque de polyst\u00e8re)\u00a0<\/div><\/div><\/div><\/li>\n                <li style=\"display: none; width: 100%;\" class=\"slide-618 ms-image \" aria-roledescription=\"slide\" data-date=\"2025-02-04 19:05:52\"><img loading=\"lazy\" decoding=\"async\" width=\"2376\" height=\"2560\" src=\"https:\/\/thierrysigg.fr\/wp-content\/uploads\/2024\/04\/A-1-scaled.jpg\" class=\"slider-376 slide-618 msDefaultImage\" alt=\"\" rel=\"\" title=\"A\" style=\"width:100%;height:107.74%;max-width:2376px;margin: 0 auto; width: 92.8125%\" srcset=\"https:\/\/thierrysigg.fr\/wp-content\/uploads\/2024\/04\/A-1-scaled.jpg 2376w, https:\/\/thierrysigg.fr\/wp-content\/uploads\/2024\/04\/A-1-278x300.jpg 278w, https:\/\/thierrysigg.fr\/wp-content\/uploads\/2024\/04\/A-1-950x1024.jpg 950w, https:\/\/thierrysigg.fr\/wp-content\/uploads\/2024\/04\/A-1-768x828.jpg 768w, https:\/\/thierrysigg.fr\/wp-content\/uploads\/2024\/04\/A-1-1425x1536.jpg 1425w\" sizes=\"auto, (max-width: 2376px) 100vw, 2376px\" \/><div class=\"caption-wrap\"><div class=\"caption\"><div>\n<div style=\"max-width:none;color:rgb(0,0,0);font-family:'-apple-system', 'system-ui', 'Segoe UI', Roboto, 'Oxygen-Sans', Ubuntu, Cantarell, 'Helvetica Neue', sans-serif;font-size:20px;font-style:normal;font-weight:400;letter-spacing:normal;text-align:left;text-indent:0px;text-transform:none;word-spacing:0px;white-space:normal;background-color:rgb(226,203,179);\">Sans titre<\/div>\n<div style=\"max-width:none;color:rgb(0,0,0);font-family:'-apple-system', 'system-ui', 'Segoe UI', Roboto, 'Oxygen-Sans', Ubuntu, Cantarell, 'Helvetica Neue', sans-serif;font-size:20px;font-style:normal;font-weight:400;letter-spacing:normal;text-align:left;text-indent:0px;text-transform:none;word-spacing:0px;white-space:normal;background-color:rgb(226,203,179);\">400x275 - 1989<\/div>\n<div style=\"max-width:none;color:rgb(0,0,0);font-family:'-apple-system', 'system-ui', 'Segoe UI', Roboto, 'Oxygen-Sans', Ubuntu, Cantarell, 'Helvetica Neue', sans-serif;font-size:20px;font-style:normal;font-weight:400;letter-spacing:normal;text-align:left;text-indent:0px;text-transform:none;word-spacing:0px;white-space:normal;background-color:rgb(226,203,179);\">(encre, craie noire et collage, sur papier)<\/div>\n<\/div><\/div><\/div><\/li>\n            <\/ul>\n        <\/div>\n        \n    <\/div>\n<\/div><\/div>\n\n\n\n<p><strong>Peinture non-plane<\/strong><\/p>\n\n\n<p style=\"text-align: justify; padding-right: 0; padding-left: 0; font-size: 16px;\">Mentionnons des recherches comme celles qui commencent autour du Bauhaus et que Domela a poursuivies. Marqu\u00e9s par le point de d\u00e9part cubiste dont ils se sont beaucoup moins \u00e9loign\u00e9s qu&rsquo;il ne croyaient, Constructivistes et Dada\u00efstes ont pos\u00e9 les pr\u00e9mices d&rsquo;un langage qui a ressurgi avec les Nouveaux R\u00e9alistes (Klein, Arman, Christo, Spoerri) auxquels on peut rattacher Marial Raysse, Jean-Pierre Raynaud, Eric Dietman et, tr\u00e8s proches d&rsquo;eux \u00e0 l&rsquo;origine, le courant pop et n\u00e9o-dada\u00efste am\u00e9ricain (Rauschenberg, Oldenburg, Kienholz). L&rsquo;influence de Dubuffet, avec son apologie de l&rsquo;art brut, a mis en \u00e9vidence les proc\u00e9d\u00e9s mati\u00e9ristes des artistes na\u00effs. Les premiers actes de violence contre le support traditionnel de la toile (lac\u00e9rations, etc.) et l&rsquo;apport de mat\u00e9riaux naturels (terre, sable, planches) furent le fait d&rsquo;artistes \u0153uvrant \u00e0 ce moment-l\u00e0 dans le cadre de l&rsquo;abstraction, comme T\u00e0pies ou Georges No\u00ebl suivis plus tard par les d\u00e9veloppements figuratifs comme ceux de Reyberolle.<br \/>De toutes ces influences proc\u00e8de la richesse actuelle dans le domaine de la peinture non-plane. Mais les consid\u00e9rations historiques ont une faible capacit\u00e9 \u00e0 faire saisir l&rsquo;attrait du peintre pour les mat\u00e9riaux h\u00e9t\u00e9rog\u00e8nes qu&rsquo;il va tenter d&rsquo;int\u00e9grer \u00e0 son \u0153uvre. S&rsquo;il a choisi cette fa\u00e7on brutale de faire p\u00e9n\u00e9trer le monde ext\u00e9rieur dans son monde mental par le biais d&rsquo;un hasard volontaire, c&rsquo;est parce que les mat\u00e9riaux vont le contraindre \u00e0 modifier ses sch\u00e9mas et toute sa codification : ainsi l&rsquo;\u00e9paisseur d&rsquo;un relief cr\u00e9ant une ombre port\u00e9e modifie la couleur, entra\u00eene \u00e0 diminuer son importance jusqu&rsquo;\u00e0 la solution possible de la monochromie.<br \/>En perturbant l&rsquo;ordre illusionniste, cette technique met en relation deux codes contradictoires : l&rsquo;un de repr\u00e9sentation plane ; l&rsquo;autre de mat\u00e9rialisation spatiale, qui d\u00e9bouche sur la notion de temps. <em>Espace du naissant <\/em>pour reprendre une expression qui donne l&rsquo;id\u00e9e de dur\u00e9e, non pas seulement parce que les \u00e9l\u00e9ments se d\u00e9gagent de la paroi en bas-relief, mais plut\u00f4t parce que le peintre se conna\u00eet comme celui qui tire la forme du n\u00e9ant.<br \/>T. S. 1984<\/p>\n\n\n<figure class=\"wp-block-image size-large\"><img loading=\"lazy\" decoding=\"async\" width=\"1024\" height=\"1024\" src=\"https:\/\/thierrysigg.fr\/wp-content\/uploads\/2024\/07\/LesGlaciers1989siggV2-1024x1024.jpg\" alt=\"Les glaciers - 1989 - Acrylique sur pl\u00e2tre et plexiglass\" class=\"wp-image-555\" srcset=\"https:\/\/thierrysigg.fr\/wp-content\/uploads\/2024\/07\/LesGlaciers1989siggV2-1024x1024.jpg 1024w, https:\/\/thierrysigg.fr\/wp-content\/uploads\/2024\/07\/LesGlaciers1989siggV2-300x300.jpg 300w, https:\/\/thierrysigg.fr\/wp-content\/uploads\/2024\/07\/LesGlaciers1989siggV2-150x150.jpg 150w, https:\/\/thierrysigg.fr\/wp-content\/uploads\/2024\/07\/LesGlaciers1989siggV2-768x767.jpg 768w, https:\/\/thierrysigg.fr\/wp-content\/uploads\/2024\/07\/LesGlaciers1989siggV2.jpg 1507w\" sizes=\"auto, (max-width: 1024px) 100vw, 1024px\" \/><figcaption class=\"wp-element-caption\">Les glaciers &#8211; 1989 &#8211; Acrylique sur pl\u00e2tre et plaque de polyur\u00e9thane<\/figcaption><\/figure>\n","protected":false},"excerpt":{"rendered":"<p>Peinture non-plane Mentionnons des recherches comme celles qui commencent autour du Bauhaus et que Domela a poursuivies. Marqu\u00e9s par le point de d\u00e9part cubiste dont ils se sont beaucoup moins \u00e9loign\u00e9s qu&rsquo;il ne croyaient, Constructivistes et Dada\u00efstes ont pos\u00e9 les pr\u00e9mices d&rsquo;un langage qui a ressurgi avec les Nouveaux R\u00e9alistes (Klein, Arman, Christo, Spoerri) auxquels&hellip; <a class=\"more-link\" href=\"https:\/\/thierrysigg.fr\/?page_id=288\">Poursuivre la lecture <span class=\"screen-reader-text\">1978-1989<\/span><\/a><\/p>\n","protected":false},"author":2,"featured_media":0,"parent":0,"menu_order":0,"comment_status":"closed","ping_status":"closed","template":"","meta":{"footnotes":""},"class_list":["post-288","page","type-page","status-publish","hentry","entry"],"yoast_head":"<!-- This site is optimized with the Yoast SEO plugin v24.3 - https:\/\/yoast.com\/wordpress\/plugins\/seo\/ -->\n<title>1978-1989 - Thierry Sigg<\/title>\n<meta name=\"robots\" content=\"index, follow, max-snippet:-1, max-image-preview:large, max-video-preview:-1\" \/>\n<link rel=\"canonical\" href=\"https:\/\/thierrysigg.fr\/?page_id=288\" \/>\n<meta property=\"og:locale\" content=\"fr_FR\" \/>\n<meta property=\"og:type\" content=\"article\" \/>\n<meta property=\"og:title\" content=\"1978-1989 - Thierry Sigg\" \/>\n<meta property=\"og:description\" content=\"Peinture non-plane Mentionnons des recherches comme celles qui commencent autour du Bauhaus et que Domela a poursuivies. Marqu\u00e9s par le point de d\u00e9part cubiste dont ils se sont beaucoup moins \u00e9loign\u00e9s qu&rsquo;il ne croyaient, Constructivistes et Dada\u00efstes ont pos\u00e9 les pr\u00e9mices d&rsquo;un langage qui a ressurgi avec les Nouveaux R\u00e9alistes (Klein, Arman, Christo, Spoerri) auxquels&hellip; Poursuivre la lecture 1978-1989\" \/>\n<meta property=\"og:url\" content=\"https:\/\/thierrysigg.fr\/?page_id=288\" \/>\n<meta property=\"og:site_name\" content=\"Thierry Sigg\" \/>\n<meta property=\"article:modified_time\" content=\"2024-07-21T20:40:58+00:00\" \/>\n<meta property=\"og:image\" content=\"https:\/\/thierrysigg.fr\/wp-content\/uploads\/2024\/07\/LesGlaciers1989siggV2-1024x1024.jpg\" \/>\n<meta name=\"twitter:card\" content=\"summary_large_image\" \/>\n<meta name=\"twitter:label1\" content=\"Dur\u00e9e de lecture estim\u00e9e\" \/>\n\t<meta name=\"twitter:data1\" content=\"2 minutes\" \/>\n<script type=\"application\/ld+json\" class=\"yoast-schema-graph\">{\"@context\":\"https:\/\/schema.org\",\"@graph\":[{\"@type\":\"WebPage\",\"@id\":\"https:\/\/thierrysigg.fr\/?page_id=288\",\"url\":\"https:\/\/thierrysigg.fr\/?page_id=288\",\"name\":\"1978-1989 - Thierry Sigg\",\"isPartOf\":{\"@id\":\"https:\/\/thierrysigg.fr\/#website\"},\"primaryImageOfPage\":{\"@id\":\"https:\/\/thierrysigg.fr\/?page_id=288#primaryimage\"},\"image\":{\"@id\":\"https:\/\/thierrysigg.fr\/?page_id=288#primaryimage\"},\"thumbnailUrl\":\"https:\/\/thierrysigg.fr\/wp-content\/uploads\/2024\/07\/LesGlaciers1989siggV2-1024x1024.jpg\",\"datePublished\":\"2024-04-05T08:30:59+00:00\",\"dateModified\":\"2024-07-21T20:40:58+00:00\",\"breadcrumb\":{\"@id\":\"https:\/\/thierrysigg.fr\/?page_id=288#breadcrumb\"},\"inLanguage\":\"fr-FR\",\"potentialAction\":[{\"@type\":\"ReadAction\",\"target\":[\"https:\/\/thierrysigg.fr\/?page_id=288\"]}]},{\"@type\":\"ImageObject\",\"inLanguage\":\"fr-FR\",\"@id\":\"https:\/\/thierrysigg.fr\/?page_id=288#primaryimage\",\"url\":\"https:\/\/thierrysigg.fr\/wp-content\/uploads\/2024\/07\/LesGlaciers1989siggV2.jpg\",\"contentUrl\":\"https:\/\/thierrysigg.fr\/wp-content\/uploads\/2024\/07\/LesGlaciers1989siggV2.jpg\",\"width\":1507,\"height\":1505,\"caption\":\"Les glaciers - 1989 - Acrylique sur pl\u00e2tre et plexiglass\"},{\"@type\":\"BreadcrumbList\",\"@id\":\"https:\/\/thierrysigg.fr\/?page_id=288#breadcrumb\",\"itemListElement\":[{\"@type\":\"ListItem\",\"position\":1,\"name\":\"Accueil\",\"item\":\"https:\/\/thierrysigg.fr\/\"},{\"@type\":\"ListItem\",\"position\":2,\"name\":\"1978-1989\"}]},{\"@type\":\"WebSite\",\"@id\":\"https:\/\/thierrysigg.fr\/#website\",\"url\":\"https:\/\/thierrysigg.fr\/\",\"name\":\"Thierry Sigg\",\"description\":\"\",\"potentialAction\":[{\"@type\":\"SearchAction\",\"target\":{\"@type\":\"EntryPoint\",\"urlTemplate\":\"https:\/\/thierrysigg.fr\/?s={search_term_string}\"},\"query-input\":{\"@type\":\"PropertyValueSpecification\",\"valueRequired\":true,\"valueName\":\"search_term_string\"}}],\"inLanguage\":\"fr-FR\"}]}<\/script>\n<!-- \/ Yoast SEO plugin. -->","yoast_head_json":{"title":"1978-1989 - Thierry Sigg","robots":{"index":"index","follow":"follow","max-snippet":"max-snippet:-1","max-image-preview":"max-image-preview:large","max-video-preview":"max-video-preview:-1"},"canonical":"https:\/\/thierrysigg.fr\/?page_id=288","og_locale":"fr_FR","og_type":"article","og_title":"1978-1989 - Thierry Sigg","og_description":"Peinture non-plane Mentionnons des recherches comme celles qui commencent autour du Bauhaus et que Domela a poursuivies. Marqu\u00e9s par le point de d\u00e9part cubiste dont ils se sont beaucoup moins \u00e9loign\u00e9s qu&rsquo;il ne croyaient, Constructivistes et Dada\u00efstes ont pos\u00e9 les pr\u00e9mices d&rsquo;un langage qui a ressurgi avec les Nouveaux R\u00e9alistes (Klein, Arman, Christo, Spoerri) auxquels&hellip; Poursuivre la lecture 1978-1989","og_url":"https:\/\/thierrysigg.fr\/?page_id=288","og_site_name":"Thierry Sigg","article_modified_time":"2024-07-21T20:40:58+00:00","og_image":[{"url":"https:\/\/thierrysigg.fr\/wp-content\/uploads\/2024\/07\/LesGlaciers1989siggV2-1024x1024.jpg","type":"","width":"","height":""}],"twitter_card":"summary_large_image","twitter_misc":{"Dur\u00e9e de lecture estim\u00e9e":"2 minutes"},"schema":{"@context":"https:\/\/schema.org","@graph":[{"@type":"WebPage","@id":"https:\/\/thierrysigg.fr\/?page_id=288","url":"https:\/\/thierrysigg.fr\/?page_id=288","name":"1978-1989 - Thierry Sigg","isPartOf":{"@id":"https:\/\/thierrysigg.fr\/#website"},"primaryImageOfPage":{"@id":"https:\/\/thierrysigg.fr\/?page_id=288#primaryimage"},"image":{"@id":"https:\/\/thierrysigg.fr\/?page_id=288#primaryimage"},"thumbnailUrl":"https:\/\/thierrysigg.fr\/wp-content\/uploads\/2024\/07\/LesGlaciers1989siggV2-1024x1024.jpg","datePublished":"2024-04-05T08:30:59+00:00","dateModified":"2024-07-21T20:40:58+00:00","breadcrumb":{"@id":"https:\/\/thierrysigg.fr\/?page_id=288#breadcrumb"},"inLanguage":"fr-FR","potentialAction":[{"@type":"ReadAction","target":["https:\/\/thierrysigg.fr\/?page_id=288"]}]},{"@type":"ImageObject","inLanguage":"fr-FR","@id":"https:\/\/thierrysigg.fr\/?page_id=288#primaryimage","url":"https:\/\/thierrysigg.fr\/wp-content\/uploads\/2024\/07\/LesGlaciers1989siggV2.jpg","contentUrl":"https:\/\/thierrysigg.fr\/wp-content\/uploads\/2024\/07\/LesGlaciers1989siggV2.jpg","width":1507,"height":1505,"caption":"Les glaciers - 1989 - Acrylique sur pl\u00e2tre et plexiglass"},{"@type":"BreadcrumbList","@id":"https:\/\/thierrysigg.fr\/?page_id=288#breadcrumb","itemListElement":[{"@type":"ListItem","position":1,"name":"Accueil","item":"https:\/\/thierrysigg.fr\/"},{"@type":"ListItem","position":2,"name":"1978-1989"}]},{"@type":"WebSite","@id":"https:\/\/thierrysigg.fr\/#website","url":"https:\/\/thierrysigg.fr\/","name":"Thierry Sigg","description":"","potentialAction":[{"@type":"SearchAction","target":{"@type":"EntryPoint","urlTemplate":"https:\/\/thierrysigg.fr\/?s={search_term_string}"},"query-input":{"@type":"PropertyValueSpecification","valueRequired":true,"valueName":"search_term_string"}}],"inLanguage":"fr-FR"}]}},"_links":{"self":[{"href":"https:\/\/thierrysigg.fr\/index.php?rest_route=\/wp\/v2\/pages\/288","targetHints":{"allow":["GET"]}}],"collection":[{"href":"https:\/\/thierrysigg.fr\/index.php?rest_route=\/wp\/v2\/pages"}],"about":[{"href":"https:\/\/thierrysigg.fr\/index.php?rest_route=\/wp\/v2\/types\/page"}],"author":[{"embeddable":true,"href":"https:\/\/thierrysigg.fr\/index.php?rest_route=\/wp\/v2\/users\/2"}],"replies":[{"embeddable":true,"href":"https:\/\/thierrysigg.fr\/index.php?rest_route=%2Fwp%2Fv2%2Fcomments&post=288"}],"version-history":[{"count":15,"href":"https:\/\/thierrysigg.fr\/index.php?rest_route=\/wp\/v2\/pages\/288\/revisions"}],"predecessor-version":[{"id":561,"href":"https:\/\/thierrysigg.fr\/index.php?rest_route=\/wp\/v2\/pages\/288\/revisions\/561"}],"wp:attachment":[{"href":"https:\/\/thierrysigg.fr\/index.php?rest_route=%2Fwp%2Fv2%2Fmedia&parent=288"}],"curies":[{"name":"wp","href":"https:\/\/api.w.org\/{rel}","templated":true}]}}